{"id":8,"date":"2014-10-29T01:08:45","date_gmt":"2014-10-29T00:08:45","guid":{"rendered":"http:\/\/www.artprinteurope.com\/?page_id=8"},"modified":"2026-03-19T09:48:53","modified_gmt":"2026-03-19T09:48:53","slug":"skateboard","status":"publish","type":"page","link":"https:\/\/www.artprinteurope.com\/fr\/skateboard\/","title":{"rendered":"Skateboards"},"content":{"rendered":"<p>ArtPrint est sp\u00e9cialis\u00e9 dans la fabrication et  l\u2019impression de skateboards personnalis\u00e9s depuis 2001. Nous sommes les pionniers et leaders incontournables dans la customisation de skateboards dans toute l\u2019Europe. <\/p>\n<p>\nLa flexibilit\u00e9 de notre proc\u00e9d\u00e9 de s\u00e9rigraphie nous permet de personnaliser et de produire des skateboards en petites quantit\u00e9s (\u00e0 partir de 20 planches par visuel) mais aussi en grandes quantit\u00e9s afin de r\u00e9pondre \u00e0 tous vos besoins. Notre exp\u00e9rience et nos connaissances du skateboard font d\u2019ArtPrint, la r\u00e9f\u00e9rence incontournable dans l\u2019industrie du skateboard en Europe.\n<\/p>\n<div id=\"gallery-1\" class=\"bricks matrix\" data-bricks-columns=\"3\"><\/div>\n","protected":false},"excerpt":{"rendered":"<p>ArtPrint est sp\u00e9cialis\u00e9 dans la fabrication et l\u2019impression de skateboards personnalis\u00e9s depuis 2001. Nous sommes les pionniers et leaders incontournables dans la customisation de skateboards dans toute l\u2019Europe. La flexibilit\u00e9 de notre proc\u00e9d\u00e9 de s\u00e9rigraphie nous permet de personnaliser et de produire des skateboards en petites quantit\u00e9s (\u00e0 partir de 20 planches par visuel) mais [&hellip;] <a href=\"https:\/\/www.artprinteurope.com\/fr\/skateboard\/\" class=\"more-link\">En savoir plus<i class=\"icon-arrow-line-right\"><\/i><\/a><\/p>\n","protected":false},"author":1,"featured_media":0,"parent":0,"menu_order":0,"comment_status":"closed","ping_status":"open","template":"","meta":{"footnotes":""},"class_list":["post-8","page","type-page","status-publish","hentry"],"_links":{"self":[{"href":"https:\/\/www.artprinteurope.com\/fr\/wp-json\/wp\/v2\/pages\/8","targetHints":{"allow":["GET"]}}],"collection":[{"href":"https:\/\/www.artprinteurope.com\/fr\/wp-json\/wp\/v2\/pages"}],"about":[{"href":"https:\/\/www.artprinteurope.com\/fr\/wp-json\/wp\/v2\/types\/page"}],"author":[{"embeddable":true,"href":"https:\/\/www.artprinteurope.com\/fr\/wp-json\/wp\/v2\/users\/1"}],"replies":[{"embeddable":true,"href":"https:\/\/www.artprinteurope.com\/fr\/wp-json\/wp\/v2\/comments?post=8"}],"version-history":[{"count":4,"href":"https:\/\/www.artprinteurope.com\/fr\/wp-json\/wp\/v2\/pages\/8\/revisions"}],"predecessor-version":[{"id":420,"href":"https:\/\/www.artprinteurope.com\/fr\/wp-json\/wp\/v2\/pages\/8\/revisions\/420"}],"wp:attachment":[{"href":"https:\/\/www.artprinteurope.com\/fr\/wp-json\/wp\/v2\/media?parent=8"}],"curies":[{"name":"wp","href":"https:\/\/api.w.org\/{rel}","templated":true}]}}