{"id":45,"date":"2014-10-31T11:12:00","date_gmt":"2014-10-31T10:12:00","guid":{"rendered":"http:\/\/www.artprinteurope.com\/?page_id=45"},"modified":"2015-01-13T16:29:46","modified_gmt":"2015-01-13T16:29:46","slug":"casquette","status":"publish","type":"page","link":"https:\/\/www.artprinteurope.com\/fr\/impression-textile\/casquette\/","title":{"rendered":"Casquette"},"content":{"rendered":"<p>Un grand choix de casquettes est disponible pour imprimer votre logo. Toutes les casquettes propos\u00e9es sont imprim\u00e9es en s\u00e9rigraphie traditionnelle dans notre atelier \u00e0 partir de 30 pi\u00e8ces par visuel. Vous avez la possibilit\u00e9 de panacher les diff\u00e9rentes couleurs de casquettes comme vous le souhaitez.<\/p>\n","protected":false},"excerpt":{"rendered":"<p>Un grand choix de casquettes est disponible pour imprimer votre logo. Toutes les casquettes propos\u00e9es sont imprim\u00e9es en s\u00e9rigraphie traditionnelle dans notre atelier \u00e0 partir de 30 pi\u00e8ces par visuel. Vous avez la possibilit\u00e9 de panacher les diff\u00e9rentes couleurs de casquettes comme vous le souhaitez. <a href=\"https:\/\/www.artprinteurope.com\/fr\/impression-textile\/casquette\/\" class=\"more-link\">En savoir plus<i class=\"icon-arrow-line-right\"><\/i><\/a><\/p>\n","protected":false},"author":1,"featured_media":0,"parent":16,"menu_order":0,"comment_status":"closed","ping_status":"open","template":"","meta":{"footnotes":""},"class_list":["post-45","page","type-page","status-publish","hentry"],"_links":{"self":[{"href":"https:\/\/www.artprinteurope.com\/fr\/wp-json\/wp\/v2\/pages\/45","targetHints":{"allow":["GET"]}}],"collection":[{"href":"https:\/\/www.artprinteurope.com\/fr\/wp-json\/wp\/v2\/pages"}],"about":[{"href":"https:\/\/www.artprinteurope.com\/fr\/wp-json\/wp\/v2\/types\/page"}],"author":[{"embeddable":true,"href":"https:\/\/www.artprinteurope.com\/fr\/wp-json\/wp\/v2\/users\/1"}],"replies":[{"embeddable":true,"href":"https:\/\/www.artprinteurope.com\/fr\/wp-json\/wp\/v2\/comments?post=45"}],"version-history":[{"count":3,"href":"https:\/\/www.artprinteurope.com\/fr\/wp-json\/wp\/v2\/pages\/45\/revisions"}],"predecessor-version":[{"id":451,"href":"https:\/\/www.artprinteurope.com\/fr\/wp-json\/wp\/v2\/pages\/45\/revisions\/451"}],"up":[{"embeddable":true,"href":"https:\/\/www.artprinteurope.com\/fr\/wp-json\/wp\/v2\/pages\/16"}],"wp:attachment":[{"href":"https:\/\/www.artprinteurope.com\/fr\/wp-json\/wp\/v2\/media?parent=45"}],"curies":[{"name":"wp","href":"https:\/\/api.w.org\/{rel}","templated":true}]}}