{"id":430,"date":"2015-01-12T15:34:53","date_gmt":"2015-01-12T15:34:53","guid":{"rendered":"http:\/\/www.artprinteurope.com\/fr\/?page_id=430"},"modified":"2026-03-19T09:48:31","modified_gmt":"2026-03-19T09:48:31","slug":"termes-et-conditions","status":"publish","type":"page","link":"https:\/\/www.artprinteurope.com\/fr\/notre-entreprise\/termes-et-conditions\/","title":{"rendered":"Termes et conditions"},"content":{"rendered":"<h2>I &#8211; COMMANDE D\u2019ECHANTILLONS :<\/h2>\n<p>Dans le but de satisfaire vos exigences en mati\u00e8re de shapes de skateboards, ArtPrint vous propose de commander des \u00e9chantillons avant de passer commande. Chaque \u00e9chantillon est factur\u00e9 20\u20ac + frais de port et peut \u00eatre livr\u00e9 en 48h d\u00e8s r\u00e9ception du paiement. Aucune r\u00e9clamation ne sera accept\u00e9e sur le shape des skateboards sans commande pr\u00e9alable d\u2019\u00e9chantillons.<\/p>\n<h2>II- DELAIS DE PRODUCTION :<\/h2>\n<p>Les d\u00e9lais de production pour l\u2019impression des skateboards sont de 2-3 semaines maximum d\u00e8s r\u00e9ception des fichiers n\u00e9cessaires \u00e0 l\u2019impression ainsi que de l\u2019acompte de confirmation (imp\u00e9ratif pour lancer toute production)<\/p>\n<h2>III &#8211; FICHIERS GRAPHIQUES NECESSAIRES :<\/h2>\n<p>Nous avons besoin d\u2019un fichier vectoris\u00e9 (PDF, AI, EPS) afin d\u2019imprimer en pantone (en aplat) ou d\u2019un fichier TIFF, PSD ou JPEG en 300dpi \u00e0 la taille r\u00e9elle d\u2019impression (rectangle de 85cm x 25cm) positionn\u00e9 sur le template fourni. Nous imprimons aussi en quadrichromie (CMYK) pour les visuels tr\u00e8s color\u00e9s ou impression photo. V\u00e9rifiez la d\u00e9finition de votre visuel avant de nous l\u2019envoyer ; S\u2019il parait pix\u00e9lis\u00e9, l\u2019impression sera pix\u00e9lis\u00e9e. Un fichier vectoriel est mieux afin d\u2019imprimer en haute r\u00e9solution. N\u2019oubliez pas de laisser un d\u00e9bord tout autour du visuel comme sur l\u2019exemple du gabarit afin d\u2019imprimer les diff\u00e9rentes tailles de skateboards. Envoyez nous donc plut\u00f4t un fichier de forme rectangulaire.<\/p>\n<h2>IV &#8211; CONFIRMATION PRODUCTION :<\/h2>\n<p>Avant de lancer la production ArtPrint vous enverra avec le devis un bon de production avec les diff\u00e9rentes informations (maquette du visuel \u00e0 imprimer, choix des shapes, adresse de facturation et de livraison) afin de v\u00e9rifier et confirmer les diff\u00e9rentes informations. Aucune r\u00e9clamation ne pourra \u00eatre faite apr\u00e8s validation du bon de production.<\/p>\n<h2>V &#8211; CONDITIONS DE PAIEMENT :<\/h2>\n<p>Un acompte de 50% du montant total de la commande devra \u00eatre vers\u00e9 pour toutes commandes afin de lancer la production. De plus le client devra s\u2019acquitter du r\u00e8glement d\u00e9finitif avant la livraison. Aucune marchandise ne pourra quitter l\u2019atelier sans r\u00e8glement pr\u00e9alable de la totalit\u00e9 de la facture et ce sans distinction par rapport \u00e0 la nature du client (skateshop, label ou association). Les r\u00e8glements seront r\u00e9alis\u00e9s par virement bancaire ou par ch\u00e8que. Toutefois il est possible de r\u00e9gler la marchandise en esp\u00e8ces \u00e0 la livraison (contre-remboursement UPS) moyennant des frais s\u2019\u00e9levant \u00e0 2% du montant de la valeur de la commande avec un minimum de 20\u20ac.<\/p>\n<h2>VI &#8211; TRANSPORT :<\/h2>\n<p>Toutes les exp\u00e9ditions sont assur\u00e9es par Exapaq ou UPS et factur\u00e9es par ArtPrint. Les tarifs sont en fonction de la zone de destination et le d\u00e9lai est de 24h\/48h pour la France et 48h\/72h pour la majorit\u00e9 des villes Europ\u00e9ennes en service standard. Nos conditions de transports sont n\u00e9goci\u00e9es avec nos prestataires afin de vous proposer des tarifs pr\u00e9f\u00e9rentiels. Chaque colis dispose d\u2019un num\u00e9ro de suivi que vous recevrez par email afin de suivre l\u2019exp\u00e9dition et connaitre la date de livraison. Aussi, si vous le souhaitez, vous avez la possibilit\u00e9 de faire passer votre transporteur (le cas \u00e9ch\u00e9ant, ArtPrint d\u00e9clinera toute responsabilit\u00e9 quant \u00e0 la perte ou la d\u00e9t\u00e9rioration de colis).<\/p>\n<h2>VII &#8211; EMBALLAGE :<\/h2>\n<p>Chaque skateboard est cellophan\u00e9 individuellement apr\u00e8s l\u2019impression puis conditionn\u00e9 par carton de 10 planches afin de prot\u00e9ger de fa\u00e7on optimale les skateboards mais aussi les impressions. Nous avons la possibilit\u00e9 d\u2019ins\u00e9rer des stickers ou autres flyers dans le cellophane de la board lors de l\u2019emballage, et ce gratuitement. Pour cela, envoyez nous \u00e0 l\u2019adresse d\u2019ArtPrint (pr\u00e9sente sur les devis &amp; factures) vos inserts lors de la confirmation de votre commande.<\/p>\n<p>Pour toutes informations suppl\u00e9mentaires, veuillez nous <a title=\"contacter-nous par email\" href=\"https:\/\/www.artprinteurope.com\/fr\/notre-entreprise\/contact\/\">contacter par email<\/a> ou par t\u00e9l\u00e9phone : +33 (0)784 414 309<\/p>\n","protected":false},"excerpt":{"rendered":"<p>I &#8211; COMMANDE D\u2019ECHANTILLONS : Dans le but de satisfaire vos exigences en mati\u00e8re de shapes de skateboards, ArtPrint vous propose de commander des \u00e9chantillons avant de passer commande. Chaque \u00e9chantillon est factur\u00e9 20\u20ac + frais de port et peut \u00eatre livr\u00e9 en 48h d\u00e8s r\u00e9ception du paiement. Aucune r\u00e9clamation ne sera accept\u00e9e sur le [&hellip;] <a href=\"https:\/\/www.artprinteurope.com\/fr\/notre-entreprise\/termes-et-conditions\/\" class=\"more-link\">En savoir plus<i class=\"icon-arrow-line-right\"><\/i><\/a><\/p>\n","protected":false},"author":1,"featured_media":0,"parent":18,"menu_order":0,"comment_status":"open","ping_status":"open","template":"","meta":{"footnotes":""},"class_list":["post-430","page","type-page","status-publish","hentry"],"_links":{"self":[{"href":"https:\/\/www.artprinteurope.com\/fr\/wp-json\/wp\/v2\/pages\/430","targetHints":{"allow":["GET"]}}],"collection":[{"href":"https:\/\/www.artprinteurope.com\/fr\/wp-json\/wp\/v2\/pages"}],"about":[{"href":"https:\/\/www.artprinteurope.com\/fr\/wp-json\/wp\/v2\/types\/page"}],"author":[{"embeddable":true,"href":"https:\/\/www.artprinteurope.com\/fr\/wp-json\/wp\/v2\/users\/1"}],"replies":[{"embeddable":true,"href":"https:\/\/www.artprinteurope.com\/fr\/wp-json\/wp\/v2\/comments?post=430"}],"version-history":[{"count":3,"href":"https:\/\/www.artprinteurope.com\/fr\/wp-json\/wp\/v2\/pages\/430\/revisions"}],"predecessor-version":[{"id":589,"href":"https:\/\/www.artprinteurope.com\/fr\/wp-json\/wp\/v2\/pages\/430\/revisions\/589"}],"up":[{"embeddable":true,"href":"https:\/\/www.artprinteurope.com\/fr\/wp-json\/wp\/v2\/pages\/18"}],"wp:attachment":[{"href":"https:\/\/www.artprinteurope.com\/fr\/wp-json\/wp\/v2\/media?parent=430"}],"curies":[{"name":"wp","href":"https:\/\/api.w.org\/{rel}","templated":true}]}}