{"id":41,"date":"2014-10-31T11:09:52","date_gmt":"2014-10-31T10:09:52","guid":{"rendered":"http:\/\/www.artprinteurope.com\/?page_id=41"},"modified":"2015-01-13T16:27:46","modified_gmt":"2015-01-13T16:27:46","slug":"t-shirt","status":"publish","type":"page","link":"https:\/\/www.artprinteurope.com\/fr\/impression-textile\/t-shirt\/","title":{"rendered":"T-Shirt"},"content":{"rendered":"<p>Nous avons un grand choix de tee shirts \u00e0 vous proposer: Diff\u00e9rentes formes, couleurs, poids sont disponibles (manches courtes ou longues, col rond, col V etc.\u2026) afin d\u2019imprimer votre visuel. Tous les tee shirts propos\u00e9s sont imprim\u00e9s en s\u00e9rigraphie manuelle traditionnelle dans notre atelier \u00e0 partir de 30 pi\u00e8ces par design. Vous avez la possibilit\u00e9 de panacher les tailles et couleurs de tee shirts comme vous le souhaitez.<\/p>\n","protected":false},"excerpt":{"rendered":"<p>Nous avons un grand choix de tee shirts \u00e0 vous proposer: Diff\u00e9rentes formes, couleurs, poids sont disponibles (manches courtes ou longues, col rond, col V etc.\u2026) afin d\u2019imprimer votre visuel. Tous les tee shirts propos\u00e9s sont imprim\u00e9s en s\u00e9rigraphie manuelle traditionnelle dans notre atelier \u00e0 partir de 30 pi\u00e8ces par design. Vous avez la possibilit\u00e9 [&hellip;] <a href=\"https:\/\/www.artprinteurope.com\/fr\/impression-textile\/t-shirt\/\" class=\"more-link\">En savoir plus<i class=\"icon-arrow-line-right\"><\/i><\/a><\/p>\n","protected":false},"author":1,"featured_media":0,"parent":16,"menu_order":0,"comment_status":"closed","ping_status":"open","template":"","meta":{"footnotes":""},"class_list":["post-41","page","type-page","status-publish","hentry"],"_links":{"self":[{"href":"https:\/\/www.artprinteurope.com\/fr\/wp-json\/wp\/v2\/pages\/41","targetHints":{"allow":["GET"]}}],"collection":[{"href":"https:\/\/www.artprinteurope.com\/fr\/wp-json\/wp\/v2\/pages"}],"about":[{"href":"https:\/\/www.artprinteurope.com\/fr\/wp-json\/wp\/v2\/types\/page"}],"author":[{"embeddable":true,"href":"https:\/\/www.artprinteurope.com\/fr\/wp-json\/wp\/v2\/users\/1"}],"replies":[{"embeddable":true,"href":"https:\/\/www.artprinteurope.com\/fr\/wp-json\/wp\/v2\/comments?post=41"}],"version-history":[{"count":3,"href":"https:\/\/www.artprinteurope.com\/fr\/wp-json\/wp\/v2\/pages\/41\/revisions"}],"predecessor-version":[{"id":449,"href":"https:\/\/www.artprinteurope.com\/fr\/wp-json\/wp\/v2\/pages\/41\/revisions\/449"}],"up":[{"embeddable":true,"href":"https:\/\/www.artprinteurope.com\/fr\/wp-json\/wp\/v2\/pages\/16"}],"wp:attachment":[{"href":"https:\/\/www.artprinteurope.com\/fr\/wp-json\/wp\/v2\/media?parent=41"}],"curies":[{"name":"wp","href":"https:\/\/api.w.org\/{rel}","templated":true}]}}