{"id":39,"date":"2014-10-31T11:09:23","date_gmt":"2014-10-31T10:09:23","guid":{"rendered":"http:\/\/www.artprinteurope.com\/?page_id=39"},"modified":"2015-01-12T15:25:16","modified_gmt":"2015-01-12T15:25:16","slug":"skate-bag","status":"publish","type":"page","link":"https:\/\/www.artprinteurope.com\/fr\/accessoires-skate\/skate-bag\/","title":{"rendered":"Skate bag"},"content":{"rendered":"<p>\nAfin d\u2019accompagner vos shopdecks personnalis\u00e9es, ArtPrint a \u00e9labor\u00e9 des skatebags personnalis\u00e9s (dimension 86cm x 35cm) en toile noire avec une mono anse lat\u00e9rale et votre logo imprim\u00e9 en 1 couleur. Disponible par pack de 30 skatebags par visuel. Taille d\u2019impression maxi = 30cm x 20cm.<\/p>\n","protected":false},"excerpt":{"rendered":"<p>Afin d\u2019accompagner vos shopdecks personnalis\u00e9es, ArtPrint a \u00e9labor\u00e9 des skatebags personnalis\u00e9s (dimension 86cm x 35cm) en toile noire avec une mono anse lat\u00e9rale et votre logo imprim\u00e9 en 1 couleur. Disponible par pack de 30 skatebags par visuel. Taille d\u2019impression maxi = 30cm x 20cm. <a href=\"https:\/\/www.artprinteurope.com\/fr\/accessoires-skate\/skate-bag\/\" class=\"more-link\">En savoir plus<i class=\"icon-arrow-line-right\"><\/i><\/a><\/p>\n","protected":false},"author":1,"featured_media":0,"parent":14,"menu_order":0,"comment_status":"closed","ping_status":"open","template":"","meta":{"footnotes":""},"class_list":["post-39","page","type-page","status-publish","hentry"],"_links":{"self":[{"href":"https:\/\/www.artprinteurope.com\/fr\/wp-json\/wp\/v2\/pages\/39","targetHints":{"allow":["GET"]}}],"collection":[{"href":"https:\/\/www.artprinteurope.com\/fr\/wp-json\/wp\/v2\/pages"}],"about":[{"href":"https:\/\/www.artprinteurope.com\/fr\/wp-json\/wp\/v2\/types\/page"}],"author":[{"embeddable":true,"href":"https:\/\/www.artprinteurope.com\/fr\/wp-json\/wp\/v2\/users\/1"}],"replies":[{"embeddable":true,"href":"https:\/\/www.artprinteurope.com\/fr\/wp-json\/wp\/v2\/comments?post=39"}],"version-history":[{"count":2,"href":"https:\/\/www.artprinteurope.com\/fr\/wp-json\/wp\/v2\/pages\/39\/revisions"}],"predecessor-version":[{"id":426,"href":"https:\/\/www.artprinteurope.com\/fr\/wp-json\/wp\/v2\/pages\/39\/revisions\/426"}],"up":[{"embeddable":true,"href":"https:\/\/www.artprinteurope.com\/fr\/wp-json\/wp\/v2\/pages\/14"}],"wp:attachment":[{"href":"https:\/\/www.artprinteurope.com\/fr\/wp-json\/wp\/v2\/media?parent=39"}],"curies":[{"name":"wp","href":"https:\/\/api.w.org\/{rel}","templated":true}]}}