{"id":35,"date":"2014-10-31T11:08:56","date_gmt":"2014-10-31T10:08:56","guid":{"rendered":"http:\/\/www.artprinteurope.com\/?page_id=35"},"modified":"2026-03-19T09:47:21","modified_gmt":"2026-03-19T09:47:21","slug":"pack-trucks-wheels","status":"publish","type":"page","link":"https:\/\/www.artprinteurope.com\/fr\/accessoires-skate\/pack-trucks-wheels\/","title":{"rendered":"Packs Trucks &#038; Wheels"},"content":{"rendered":"<p>Vous avez aussi la possibilit\u00e9 de commander des packs de trucks + wheels pour monter vos skateboards complets et personnalis\u00e9s. Ces packs contiennent : Trucks (139mm) + wheels (52mm, ur\u00e9thane blanc 101A ) + roulements (ABEC 3) + vis (taille 7\u20198). Il n\u2019y a pas de quantit\u00e9 minimum pour les packs de trucks &#038; wheels.<\/p>\n","protected":false},"excerpt":{"rendered":"<p>Vous avez aussi la possibilit\u00e9 de commander des packs de trucks + wheels pour monter vos skateboards complets et personnalis\u00e9s. Ces packs contiennent : Trucks (139mm) + wheels (52mm, ur\u00e9thane blanc 101A ) + roulements (ABEC 3) + vis (taille 7\u20198). Il n\u2019y a pas de quantit\u00e9 minimum pour les packs de trucks &#038; wheels. <a href=\"https:\/\/www.artprinteurope.com\/fr\/accessoires-skate\/pack-trucks-wheels\/\" class=\"more-link\">En savoir plus<i class=\"icon-arrow-line-right\"><\/i><\/a><\/p>\n","protected":false},"author":1,"featured_media":0,"parent":14,"menu_order":0,"comment_status":"closed","ping_status":"open","template":"","meta":{"footnotes":""},"class_list":["post-35","page","type-page","status-publish","hentry"],"_links":{"self":[{"href":"https:\/\/www.artprinteurope.com\/fr\/wp-json\/wp\/v2\/pages\/35","targetHints":{"allow":["GET"]}}],"collection":[{"href":"https:\/\/www.artprinteurope.com\/fr\/wp-json\/wp\/v2\/pages"}],"about":[{"href":"https:\/\/www.artprinteurope.com\/fr\/wp-json\/wp\/v2\/types\/page"}],"author":[{"embeddable":true,"href":"https:\/\/www.artprinteurope.com\/fr\/wp-json\/wp\/v2\/users\/1"}],"replies":[{"embeddable":true,"href":"https:\/\/www.artprinteurope.com\/fr\/wp-json\/wp\/v2\/comments?post=35"}],"version-history":[{"count":2,"href":"https:\/\/www.artprinteurope.com\/fr\/wp-json\/wp\/v2\/pages\/35\/revisions"}],"predecessor-version":[{"id":425,"href":"https:\/\/www.artprinteurope.com\/fr\/wp-json\/wp\/v2\/pages\/35\/revisions\/425"}],"up":[{"embeddable":true,"href":"https:\/\/www.artprinteurope.com\/fr\/wp-json\/wp\/v2\/pages\/14"}],"wp:attachment":[{"href":"https:\/\/www.artprinteurope.com\/fr\/wp-json\/wp\/v2\/media?parent=35"}],"curies":[{"name":"wp","href":"https:\/\/api.w.org\/{rel}","templated":true}]}}