{"id":33,"date":"2014-10-31T11:08:39","date_gmt":"2014-10-31T10:08:39","guid":{"rendered":"http:\/\/www.artprinteurope.com\/?page_id=33"},"modified":"2026-03-19T09:50:51","modified_gmt":"2026-03-19T09:50:51","slug":"choix-taille-roues-skate","status":"publish","type":"page","link":"https:\/\/www.artprinteurope.com\/fr\/wheels\/choix-taille-roues-skate\/","title":{"rendered":"Choix des tailles"},"content":{"rendered":"<p>Vous pouvez choisir le diam\u00e8tre, la largeur ainsi que la bande de roulement \u00e0 partir de 30 jeux. Nous avons aussi la possibilit\u00e9 de produire des roues de la  couleur de votre choix \u00e0 partir de 250 sets par couleur.<\/p>\n<p style=\"text-align: right;\"><a class=\"button big \" href=\"http:\/\/www.artprinteurope.com\/templates\/TEMPLATE_WHEEL.ai\" target=\"_blank\">TELECHARGER LE TEMPLATE<i class=\"icon-arrow-line-right\" style=\"font-size: 30px;\"><\/i><\/a><\/p>\n","protected":false},"excerpt":{"rendered":"<p>Vous pouvez choisir le diam\u00e8tre, la largeur ainsi que la bande de roulement \u00e0 partir de 30 jeux. Nous avons aussi la possibilit\u00e9 de produire des roues de la couleur de votre choix \u00e0 partir de 250 sets par couleur. TELECHARGER LE TEMPLATE <a href=\"https:\/\/www.artprinteurope.com\/fr\/wheels\/choix-taille-roues-skate\/\" class=\"more-link\">En savoir plus<i class=\"icon-arrow-line-right\"><\/i><\/a><\/p>\n","protected":false},"author":1,"featured_media":0,"parent":12,"menu_order":0,"comment_status":"open","ping_status":"open","template":"","meta":{"footnotes":""},"class_list":["post-33","page","type-page","status-publish","hentry"],"_links":{"self":[{"href":"https:\/\/www.artprinteurope.com\/fr\/wp-json\/wp\/v2\/pages\/33","targetHints":{"allow":["GET"]}}],"collection":[{"href":"https:\/\/www.artprinteurope.com\/fr\/wp-json\/wp\/v2\/pages"}],"about":[{"href":"https:\/\/www.artprinteurope.com\/fr\/wp-json\/wp\/v2\/types\/page"}],"author":[{"embeddable":true,"href":"https:\/\/www.artprinteurope.com\/fr\/wp-json\/wp\/v2\/users\/1"}],"replies":[{"embeddable":true,"href":"https:\/\/www.artprinteurope.com\/fr\/wp-json\/wp\/v2\/comments?post=33"}],"version-history":[{"count":4,"href":"https:\/\/www.artprinteurope.com\/fr\/wp-json\/wp\/v2\/pages\/33\/revisions"}],"predecessor-version":[{"id":454,"href":"https:\/\/www.artprinteurope.com\/fr\/wp-json\/wp\/v2\/pages\/33\/revisions\/454"}],"up":[{"embeddable":true,"href":"https:\/\/www.artprinteurope.com\/fr\/wp-json\/wp\/v2\/pages\/12"}],"wp:attachment":[{"href":"https:\/\/www.artprinteurope.com\/fr\/wp-json\/wp\/v2\/media?parent=33"}],"curies":[{"name":"wp","href":"https:\/\/api.w.org\/{rel}","templated":true}]}}