{"id":31,"date":"2014-10-31T11:08:28","date_gmt":"2014-10-31T10:08:28","guid":{"rendered":"http:\/\/www.artprinteurope.com\/?page_id=31"},"modified":"2026-03-19T09:51:21","modified_gmt":"2026-03-19T09:51:21","slug":"options-impression","status":"publish","type":"page","link":"https:\/\/www.artprinteurope.com\/fr\/wheels\/options-impression\/","title":{"rendered":"Options d&rsquo;impression"},"content":{"rendered":"<p>Le proc\u00e9d\u00e9 d\u2019impression des roues est le m\u00eame que pour l\u2019impression de skateboards, nous demandons donc les m\u00eames fichiers. Nous avons besoin d\u2019un fichier vectoris\u00e9 (PDF, AI ou EPS) ou un fichier TIFF, PSD ou JPEG en 300dpi \u00e0 la taille r\u00e9elle d\u2019impression positionn\u00e9 sur le gabarit de roue fourni.<\/p>\n","protected":false},"excerpt":{"rendered":"<p>Le proc\u00e9d\u00e9 d\u2019impression des roues est le m\u00eame que pour l\u2019impression de skateboards, nous demandons donc les m\u00eames fichiers. Nous avons besoin d\u2019un fichier vectoris\u00e9 (PDF, AI ou EPS) ou un fichier TIFF, PSD ou JPEG en 300dpi \u00e0 la taille r\u00e9elle d\u2019impression positionn\u00e9 sur le gabarit de roue fourni. <a href=\"https:\/\/www.artprinteurope.com\/fr\/wheels\/options-impression\/\" class=\"more-link\">En savoir plus<i class=\"icon-arrow-line-right\"><\/i><\/a><\/p>\n","protected":false},"author":1,"featured_media":0,"parent":12,"menu_order":0,"comment_status":"open","ping_status":"open","template":"","meta":{"footnotes":""},"class_list":["post-31","page","type-page","status-publish","hentry"],"_links":{"self":[{"href":"https:\/\/www.artprinteurope.com\/fr\/wp-json\/wp\/v2\/pages\/31","targetHints":{"allow":["GET"]}}],"collection":[{"href":"https:\/\/www.artprinteurope.com\/fr\/wp-json\/wp\/v2\/pages"}],"about":[{"href":"https:\/\/www.artprinteurope.com\/fr\/wp-json\/wp\/v2\/types\/page"}],"author":[{"embeddable":true,"href":"https:\/\/www.artprinteurope.com\/fr\/wp-json\/wp\/v2\/users\/1"}],"replies":[{"embeddable":true,"href":"https:\/\/www.artprinteurope.com\/fr\/wp-json\/wp\/v2\/comments?post=31"}],"version-history":[{"count":3,"href":"https:\/\/www.artprinteurope.com\/fr\/wp-json\/wp\/v2\/pages\/31\/revisions"}],"predecessor-version":[{"id":445,"href":"https:\/\/www.artprinteurope.com\/fr\/wp-json\/wp\/v2\/pages\/31\/revisions\/445"}],"up":[{"embeddable":true,"href":"https:\/\/www.artprinteurope.com\/fr\/wp-json\/wp\/v2\/pages\/12"}],"wp:attachment":[{"href":"https:\/\/www.artprinteurope.com\/fr\/wp-json\/wp\/v2\/media?parent=31"}],"curies":[{"name":"wp","href":"https:\/\/api.w.org\/{rel}","templated":true}]}}