{"id":29,"date":"2014-10-31T11:08:16","date_gmt":"2014-10-31T10:08:16","guid":{"rendered":"http:\/\/www.artprinteurope.com\/?page_id=29"},"modified":"2026-03-19T09:51:10","modified_gmt":"2026-03-19T09:51:10","slug":"fabrication","status":"publish","type":"page","link":"https:\/\/www.artprinteurope.com\/fr\/wheels\/fabrication\/","title":{"rendered":"Fabrication"},"content":{"rendered":"<p>ArtPrint offre un large choix de roues blanches d\u2019excellentes qualit\u00e9s (ur\u00e9thane blanc 101A) de 50mm \u00e0 55mm. Nous personnalisons vos roues avec la m\u00eame haute qualit\u00e9 d\u2019impression et le m\u00eame savoir faire que pour les skateboards, \u00e0 partir de 30 jeux par visuel : Impression de 1 \u00e0 4 couleurs. Les d\u00e9lais pour les productions de roues sont de 4- 5 semaines. Les tarifs sont d\u00e9gressifs en fonction des quantit\u00e9s.<\/p>\n","protected":false},"excerpt":{"rendered":"<p>ArtPrint offre un large choix de roues blanches d\u2019excellentes qualit\u00e9s (ur\u00e9thane blanc 101A) de 50mm \u00e0 55mm. Nous personnalisons vos roues avec la m\u00eame haute qualit\u00e9 d\u2019impression et le m\u00eame savoir faire que pour les skateboards, \u00e0 partir de 30 jeux par visuel : Impression de 1 \u00e0 4 couleurs. Les d\u00e9lais pour les productions [&hellip;] <a href=\"https:\/\/www.artprinteurope.com\/fr\/wheels\/fabrication\/\" class=\"more-link\">En savoir plus<i class=\"icon-arrow-line-right\"><\/i><\/a><\/p>\n","protected":false},"author":1,"featured_media":0,"parent":12,"menu_order":0,"comment_status":"closed","ping_status":"open","template":"","meta":{"footnotes":""},"class_list":["post-29","page","type-page","status-publish","hentry"],"_links":{"self":[{"href":"https:\/\/www.artprinteurope.com\/fr\/wp-json\/wp\/v2\/pages\/29","targetHints":{"allow":["GET"]}}],"collection":[{"href":"https:\/\/www.artprinteurope.com\/fr\/wp-json\/wp\/v2\/pages"}],"about":[{"href":"https:\/\/www.artprinteurope.com\/fr\/wp-json\/wp\/v2\/types\/page"}],"author":[{"embeddable":true,"href":"https:\/\/www.artprinteurope.com\/fr\/wp-json\/wp\/v2\/users\/1"}],"replies":[{"embeddable":true,"href":"https:\/\/www.artprinteurope.com\/fr\/wp-json\/wp\/v2\/comments?post=29"}],"version-history":[{"count":3,"href":"https:\/\/www.artprinteurope.com\/fr\/wp-json\/wp\/v2\/pages\/29\/revisions"}],"predecessor-version":[{"id":444,"href":"https:\/\/www.artprinteurope.com\/fr\/wp-json\/wp\/v2\/pages\/29\/revisions\/444"}],"up":[{"embeddable":true,"href":"https:\/\/www.artprinteurope.com\/fr\/wp-json\/wp\/v2\/pages\/12"}],"wp:attachment":[{"href":"https:\/\/www.artprinteurope.com\/fr\/wp-json\/wp\/v2\/media?parent=29"}],"curies":[{"name":"wp","href":"https:\/\/api.w.org\/{rel}","templated":true}]}}