{"id":23,"date":"2014-10-31T11:07:14","date_gmt":"2014-10-31T10:07:14","guid":{"rendered":"http:\/\/www.artprinteurope.com\/?page_id=23"},"modified":"2015-01-12T10:28:52","modified_gmt":"2015-01-12T10:28:52","slug":"impression-de-skate","status":"publish","type":"page","link":"https:\/\/www.artprinteurope.com\/fr\/skateboard\/impression-de-skate\/","title":{"rendered":"Options impression"},"content":{"rendered":"<h2>HEAT TRANSFER :<\/h2>\n<p>Les skateboards sont imprim\u00e9s en heat transfer s\u00e9rigraphi\u00e9s pour un rendu parfait. Ce proc\u00e9d\u00e9 permet d\u2019imprimer tous types de visuels en haute d\u00e9finition (sous r\u00e9serve de recevoir un fichier correct) et sans limitation de couleurs, que ce soit en pantone pour les aplats ou en quadrichromie (CMYK) pour les visuels photos ou au-del\u00e0 de 4 couleurs. Cette technique de s\u00e9rigraphie indirecte permet entre autres de laisser apparaitre le fond bois de la board si vous le d\u00e9sirez. De plus, nous pouvons aussi produire et stocker vos impressions dans notre atelier pour une livraison ult\u00e9rieure. Ceci raccourcira consid\u00e9rablement les d\u00e9lais de livraison, les heat transfers \u00e9tant d\u00e9j\u00e0 produits.<\/p>\n<p>\nPour chaque impression de skate, vous pouvez mixer les diff\u00e9rents shapes de skateboards disponibles sans quantit\u00e9 minimum par mod\u00e8le.\n<\/p>\n<h2>MINI LOGO :<\/h2>\n<p>\nAfin de r\u00e9duire les co\u00fbts d\u2019impressions, ArtPrint vous propose aussi des s\u00e9ries de shopdecks \u00ab mini logo \u00bb en s\u00e9rigraphie 1 couleur, directement sur le fond bois du skateboard (taille d\u2019impression maxi = 25cm x 20cm) dans le but de produire des skateboards plus \u00e9conomiques \u00e0 partir de seulement 20 decks par visuel.<\/p>\n<h2>QUANTITES MINIMUM :<\/h2>\n<p>\nArtPrint personnalise vos skateboards \u00e0 partir de seulement 20 decks par design en mini logo ou en full print 3 couleurs (maxi) puis \u00e0 partir de 30 decks pour des visuels en 4 couleurs ou plus.<\/p>\n<p>\nDans tous les cas vous avez la possibilit\u00e9 de panacher tous nos diff\u00e9rents shapes comme vous le souhaitez, sans quantit\u00e9 minimum par shape. C\u2019est comme vous voulez !\n<\/p>\n<h2>REEDITIONS :<\/h2>\n<p>Suite \u00e0 chaque production nous gardons archiv\u00e9 vos visuels et fichiers d\u2019impressions. Si vous souhaitez par la suite faire une r\u00e9\u00e9dition de l\u2019un de vos designs, le prix des shopdecks sera r\u00e9duit car vous n\u2019aurez pas de frais technique \u00e0 payer pour les set up (s\u00e9lections couleurs, films, \u00e9crans\u2026)  Vous avez aussi la possibilit\u00e9 de changer les couleurs d\u2019impressions pour les visuels en aplats sans frais suppl\u00e9mentaires (minimum 30 skateboards personnalis\u00e9s par visuel).<\/p>\n<h2>FORMAT DE FICHIERS :<\/h2>\n<p>Nous avons besoin d\u2019un fichier vectoris\u00e9 (PDF, AI ou EPS) ou d\u2019un fichier TIFF, PSD ou JPEG en 300dpi \u00e0 la taille r\u00e9elle d\u2019impression (85cm x 25cm) positionn\u00e9 sur le gabarit fourni. N\u2019oubliez pas de laisser un d\u00e9bord tout autour du gabarit comme sur l\u2019exemple pr\u00e9sent sur le fichier afin d\u2019imprimer correctement et facilement les diff\u00e9rentes tailles de skateboards. Envoyez nous donc plut\u00f4t un fichier de forme rectangulaire.<\/p>\n","protected":false},"excerpt":{"rendered":"<p>HEAT TRANSFER : Les skateboards sont imprim\u00e9s en heat transfer s\u00e9rigraphi\u00e9s pour un rendu parfait. Ce proc\u00e9d\u00e9 permet d\u2019imprimer tous types de visuels en haute d\u00e9finition (sous r\u00e9serve de recevoir un fichier correct) et sans limitation de couleurs, que ce soit en pantone pour les aplats ou en quadrichromie (CMYK) pour les visuels photos ou [&hellip;] <a href=\"https:\/\/www.artprinteurope.com\/fr\/skateboard\/impression-de-skate\/\" class=\"more-link\">En savoir plus<i class=\"icon-arrow-line-right\"><\/i><\/a><\/p>\n","protected":false},"author":1,"featured_media":0,"parent":8,"menu_order":0,"comment_status":"closed","ping_status":"open","template":"","meta":{"footnotes":""},"class_list":["post-23","page","type-page","status-publish","hentry"],"_links":{"self":[{"href":"https:\/\/www.artprinteurope.com\/fr\/wp-json\/wp\/v2\/pages\/23","targetHints":{"allow":["GET"]}}],"collection":[{"href":"https:\/\/www.artprinteurope.com\/fr\/wp-json\/wp\/v2\/pages"}],"about":[{"href":"https:\/\/www.artprinteurope.com\/fr\/wp-json\/wp\/v2\/types\/page"}],"author":[{"embeddable":true,"href":"https:\/\/www.artprinteurope.com\/fr\/wp-json\/wp\/v2\/users\/1"}],"replies":[{"embeddable":true,"href":"https:\/\/www.artprinteurope.com\/fr\/wp-json\/wp\/v2\/comments?post=23"}],"version-history":[{"count":6,"href":"https:\/\/www.artprinteurope.com\/fr\/wp-json\/wp\/v2\/pages\/23\/revisions"}],"predecessor-version":[{"id":418,"href":"https:\/\/www.artprinteurope.com\/fr\/wp-json\/wp\/v2\/pages\/23\/revisions\/418"}],"up":[{"embeddable":true,"href":"https:\/\/www.artprinteurope.com\/fr\/wp-json\/wp\/v2\/pages\/8"}],"wp:attachment":[{"href":"https:\/\/www.artprinteurope.com\/fr\/wp-json\/wp\/v2\/media?parent=23"}],"curies":[{"name":"wp","href":"https:\/\/api.w.org\/{rel}","templated":true}]}}