{"id":18,"date":"2014-10-31T11:06:16","date_gmt":"2014-10-31T10:06:16","guid":{"rendered":"http:\/\/www.artprinteurope.com\/?page_id=18"},"modified":"2015-01-12T10:15:32","modified_gmt":"2015-01-12T10:15:32","slug":"notre-entreprise","status":"publish","type":"page","link":"https:\/\/www.artprinteurope.com\/fr\/notre-entreprise\/","title":{"rendered":"Notre entreprise"},"content":{"rendered":"<p>Cr\u00e9e par des skateboarders pour des skateboarders, ArtPrint est n\u00e9e en 2001 d\u2019une passion pour le skateboard depuis le milieu des ann\u00e9es 80\u2019s afin de vivre de sa passion. Combin\u00e9 \u00e0 des connaissances et exp\u00e9riences en graphisme et s\u00e9rigraphie, ArtPrint f\u00fbt le premier fabricant et imprimeur de skateboards en Europe et reste toujours leader dans la personnalisation de skateboards.<\/p>\n<p>\nNotre passion depuis toujours pour le skateboard nous a donn\u00e9 envie de personnaliser des shopdecks dans le but de proposer des boards imprim\u00e9es de qualit\u00e9 \u00e0 tous et tr\u00e8s facilement, en France ainsi que dans toute l\u2019Europe.<\/p>\n<p>\nDepuis le d\u00e9but ArtPrint est en permanence \u00e0 la recherche d\u2019innovations, aussi bien pour les boards que pour les diff\u00e9rents proc\u00e9d\u00e9s d\u2019impression. Notre but \u00e9tant de vous proposer les meilleurs skateboards et impressions ainsi que des produits de qualit\u00e9 pour r\u00e9pondre et satisfaire tous les besoins de ses clients.<\/p>\n<p>\nNotre flexibilit\u00e9 et simplicit\u00e9 dans le processus de production nous permet de proposer des skateboards imprim\u00e9s aussi bien en petites quantit\u00e9s (concepts Artistique, \u00e9v\u00e8nements\u2026) qu\u2019en tr\u00e8s grandes quantit\u00e9s pour r\u00e9pondre aux demandes des marques et distributeurs. Que vous soyez un skateshop, une marque, un label ind\u00e9pendant, une galerie d\u2019Art ou une association, ArtPrint vous propose la meilleure qualit\u00e9 de skateboards, service et r\u00e9activit\u00e9. Le d\u00e9veloppement et la mise en \u0153uvre de votre projet se fait ais\u00e9ment gr\u00e2ce \u00e0 une communication tr\u00e8s efficace et agr\u00e9able, directement entre fabricant et clients.<\/p>\n<p>\nTous les skateboards personnalis\u00e9s sont s\u00e9rigraphi\u00e9s par nos soins dans notre atelier bas\u00e9 \u00e0 Bordeaux\/ France et dans les plus brefs d\u00e9lais. Les productions sont r\u00e9alis\u00e9es entre 2 et 3 semaines maximum, quelque soit les quantit\u00e9s ou la p\u00e9riode. Nous restons \u00e0 votre \u00e9coute pour toutes demandes particuli\u00e8res et nous reviendrons vers vous dans les plus brefs d\u00e9lais afin de r\u00e9pondre \u00e0 vos interrogations ainsi que pour la mise en \u0153uvre de votre projet. Chaque demande est trait\u00e9e dans la journ\u00e9e.<\/p>\n","protected":false},"excerpt":{"rendered":"<p>Cr\u00e9e par des skateboarders pour des skateboarders, ArtPrint est n\u00e9e en 2001 d\u2019une passion pour le skateboard depuis le milieu des ann\u00e9es 80\u2019s afin de vivre de sa passion. Combin\u00e9 \u00e0 des connaissances et exp\u00e9riences en graphisme et s\u00e9rigraphie, ArtPrint f\u00fbt le premier fabricant et imprimeur de skateboards en Europe et reste toujours leader dans [&hellip;] <a href=\"https:\/\/www.artprinteurope.com\/fr\/notre-entreprise\/\" class=\"more-link\">En savoir plus<i class=\"icon-arrow-line-right\"><\/i><\/a><\/p>\n","protected":false},"author":1,"featured_media":0,"parent":0,"menu_order":0,"comment_status":"closed","ping_status":"open","template":"","meta":{"footnotes":""},"class_list":["post-18","page","type-page","status-publish","hentry"],"_links":{"self":[{"href":"https:\/\/www.artprinteurope.com\/fr\/wp-json\/wp\/v2\/pages\/18","targetHints":{"allow":["GET"]}}],"collection":[{"href":"https:\/\/www.artprinteurope.com\/fr\/wp-json\/wp\/v2\/pages"}],"about":[{"href":"https:\/\/www.artprinteurope.com\/fr\/wp-json\/wp\/v2\/types\/page"}],"author":[{"embeddable":true,"href":"https:\/\/www.artprinteurope.com\/fr\/wp-json\/wp\/v2\/users\/1"}],"replies":[{"embeddable":true,"href":"https:\/\/www.artprinteurope.com\/fr\/wp-json\/wp\/v2\/comments?post=18"}],"version-history":[{"count":3,"href":"https:\/\/www.artprinteurope.com\/fr\/wp-json\/wp\/v2\/pages\/18\/revisions"}],"predecessor-version":[{"id":411,"href":"https:\/\/www.artprinteurope.com\/fr\/wp-json\/wp\/v2\/pages\/18\/revisions\/411"}],"wp:attachment":[{"href":"https:\/\/www.artprinteurope.com\/fr\/wp-json\/wp\/v2\/media?parent=18"}],"curies":[{"name":"wp","href":"https:\/\/api.w.org\/{rel}","templated":true}]}}