{"id":16,"date":"2014-10-31T11:05:07","date_gmt":"2014-10-31T10:05:07","guid":{"rendered":"http:\/\/www.artprinteurope.com\/?page_id=16"},"modified":"2015-01-21T15:44:37","modified_gmt":"2015-01-21T15:44:37","slug":"impression-textile","status":"publish","type":"page","link":"https:\/\/www.artprinteurope.com\/fr\/impression-textile\/","title":{"rendered":"Impression textile"},"content":{"rendered":"<p>ArtPrint a \u00e9galement une longue exp\u00e9rience en s\u00e9rigraphie textile (tee shirts, hoodies, sweats shirts, casquettes etc\u2026) que nous personnalisons \u00e0 partir de 30 pi\u00e8ces par visuel (de 1 \u00e0 6 couleurs en fonction de l\u2019article),  dans notre atelier de s\u00e9rigraphie.  Toutes nos r\u00e9f\u00e9rences sont disponibles sur notre catalogue <a href=\"http:\/\/www.textileurope.com\" target=\"_blank\" rel=\"nofollow\">www.textileurope.com<\/a><\/p>\n<p>\nLes d\u00e9lais de productions pour les commandes textiles sont de 15 jours. <\/p>\n<p>\nLes formats de fichiers demand\u00e9s pour la production sont les m\u00eames que pour les autres produits. Nous avons besoin d\u2019un fichier vectoris\u00e9 (PDF, AI ou EPS) ou un fichier TIFF, PSD ou JPEG en 300dpi \u00e0 la taille r\u00e9elle d\u2019impression positionn\u00e9 sur le gabarit fourni et avec les r\u00e9f\u00e9rences pantones correspondantes. Contactez nous si vous avez besoin d\u2019informations suppl\u00e9mentaires.<\/p>\n","protected":false},"excerpt":{"rendered":"<p>ArtPrint a \u00e9galement une longue exp\u00e9rience en s\u00e9rigraphie textile (tee shirts, hoodies, sweats shirts, casquettes etc\u2026) que nous personnalisons \u00e0 partir de 30 pi\u00e8ces par visuel (de 1 \u00e0 6 couleurs en fonction de l\u2019article), dans notre atelier de s\u00e9rigraphie. Toutes nos r\u00e9f\u00e9rences sont disponibles sur notre catalogue www.textileurope.com Les d\u00e9lais de productions pour les [&hellip;] <a href=\"https:\/\/www.artprinteurope.com\/fr\/impression-textile\/\" class=\"more-link\">En savoir plus<i class=\"icon-arrow-line-right\"><\/i><\/a><\/p>\n","protected":false},"author":1,"featured_media":0,"parent":0,"menu_order":0,"comment_status":"closed","ping_status":"open","template":"","meta":{"footnotes":""},"class_list":["post-16","page","type-page","status-publish","hentry"],"_links":{"self":[{"href":"https:\/\/www.artprinteurope.com\/fr\/wp-json\/wp\/v2\/pages\/16","targetHints":{"allow":["GET"]}}],"collection":[{"href":"https:\/\/www.artprinteurope.com\/fr\/wp-json\/wp\/v2\/pages"}],"about":[{"href":"https:\/\/www.artprinteurope.com\/fr\/wp-json\/wp\/v2\/types\/page"}],"author":[{"embeddable":true,"href":"https:\/\/www.artprinteurope.com\/fr\/wp-json\/wp\/v2\/users\/1"}],"replies":[{"embeddable":true,"href":"https:\/\/www.artprinteurope.com\/fr\/wp-json\/wp\/v2\/comments?post=16"}],"version-history":[{"count":4,"href":"https:\/\/www.artprinteurope.com\/fr\/wp-json\/wp\/v2\/pages\/16\/revisions"}],"predecessor-version":[{"id":447,"href":"https:\/\/www.artprinteurope.com\/fr\/wp-json\/wp\/v2\/pages\/16\/revisions\/447"}],"wp:attachment":[{"href":"https:\/\/www.artprinteurope.com\/fr\/wp-json\/wp\/v2\/media?parent=16"}],"curies":[{"name":"wp","href":"https:\/\/api.w.org\/{rel}","templated":true}]}}