{"id":12,"date":"2014-10-31T11:04:09","date_gmt":"2014-10-31T10:04:09","guid":{"rendered":"http:\/\/www.artprinteurope.com\/?page_id=12"},"modified":"2026-03-19T09:50:42","modified_gmt":"2026-03-19T09:50:42","slug":"wheels","status":"publish","type":"page","link":"https:\/\/www.artprinteurope.com\/fr\/wheels\/","title":{"rendered":"Wheels"},"content":{"rendered":"<p>ArtPrint personnalise vos roues avec la m\u00eame haute qualit\u00e9 d\u2019impression et le m\u00eame savoir faire que pour l\u2019impression des skateboards, \u00e0 partir de 30 sets par visuels, impressions de 1 \u00e0 4 couleurs. Nous proposons un large choix de roues d\u2019excellentes qualit\u00e9s (ur\u00e9thane blanc, duret\u00e9 101A) de 50mm \u00e0 55mm avec diff\u00e9rentes largeurs de bandes de roulements. Les d\u00e9lais de production pour les roues sont de 4-5 semaines. Tarifs d\u00e9gressifs en fonction des quantit\u00e9s.<\/p>\n","protected":false},"excerpt":{"rendered":"<p>ArtPrint personnalise vos roues avec la m\u00eame haute qualit\u00e9 d\u2019impression et le m\u00eame savoir faire que pour l\u2019impression des skateboards, \u00e0 partir de 30 sets par visuels, impressions de 1 \u00e0 4 couleurs. Nous proposons un large choix de roues d\u2019excellentes qualit\u00e9s (ur\u00e9thane blanc, duret\u00e9 101A) de 50mm \u00e0 55mm avec diff\u00e9rentes largeurs de bandes [&hellip;] <a href=\"https:\/\/www.artprinteurope.com\/fr\/wheels\/\" class=\"more-link\">En savoir plus<i class=\"icon-arrow-line-right\"><\/i><\/a><\/p>\n","protected":false},"author":1,"featured_media":0,"parent":0,"menu_order":0,"comment_status":"closed","ping_status":"open","template":"","meta":{"footnotes":""},"class_list":["post-12","page","type-page","status-publish","hentry"],"_links":{"self":[{"href":"https:\/\/www.artprinteurope.com\/fr\/wp-json\/wp\/v2\/pages\/12","targetHints":{"allow":["GET"]}}],"collection":[{"href":"https:\/\/www.artprinteurope.com\/fr\/wp-json\/wp\/v2\/pages"}],"about":[{"href":"https:\/\/www.artprinteurope.com\/fr\/wp-json\/wp\/v2\/types\/page"}],"author":[{"embeddable":true,"href":"https:\/\/www.artprinteurope.com\/fr\/wp-json\/wp\/v2\/users\/1"}],"replies":[{"embeddable":true,"href":"https:\/\/www.artprinteurope.com\/fr\/wp-json\/wp\/v2\/comments?post=12"}],"version-history":[{"count":3,"href":"https:\/\/www.artprinteurope.com\/fr\/wp-json\/wp\/v2\/pages\/12\/revisions"}],"predecessor-version":[{"id":511,"href":"https:\/\/www.artprinteurope.com\/fr\/wp-json\/wp\/v2\/pages\/12\/revisions\/511"}],"wp:attachment":[{"href":"https:\/\/www.artprinteurope.com\/fr\/wp-json\/wp\/v2\/media?parent=12"}],"curies":[{"name":"wp","href":"https:\/\/api.w.org\/{rel}","templated":true}]}}